{"id":901,"date":"2024-05-27T14:49:14","date_gmt":"2024-05-27T14:49:14","guid":{"rendered":"https:\/\/nbdsp.local\/utah\/"},"modified":"2024-06-24T19:40:28","modified_gmt":"2024-06-24T19:40:28","slug":"utah","status":"publish","type":"page","link":"https:\/\/nbdps.org\/es\/centros-de-estudio\/utah\/","title":{"rendered":"Utah"},"content":{"rendered":"","protected":false},"excerpt":{"rendered":"","protected":false},"author":1,"featured_media":0,"parent":903,"menu_order":0,"comment_status":"closed","ping_status":"closed","template":"","meta":{"footnotes":""},"class_list":["post-901","page","type-page","status-publish","hentry"],"yoast_head":"<!-- This site is optimized with the Yoast SEO plugin v27.0 - https:\/\/yoast.com\/product\/yoast-seo-wordpress\/ -->\n<title>Operaciones del Centro de Estudio de Defectos Cong\u00e9nitos de Utah | NBDPS<\/title>\n<meta name=\"description\" content=\"Eche un vistazo a los procedimientos operativos y la investigaci\u00f3n impactante llevada a cabo en el Centro de Estudios de Defectos Cong\u00e9nitos de Utah en l\u00ednea con la misi\u00f3n del NBDPS.\" \/>\n<meta name=\"robots\" content=\"index, follow, max-snippet:-1, max-image-preview:large, max-video-preview:-1\" \/>\n<link rel=\"canonical\" href=\"https:\/\/nbdps.org\/study-centers\/utah\/\" \/>\n<meta property=\"og:locale\" content=\"es_ES\" \/>\n<meta property=\"og:type\" content=\"article\" \/>\n<meta property=\"og:title\" content=\"Operaciones del Centro de Estudio de Defectos Cong\u00e9nitos de Utah | NBDPS\" \/>\n<meta property=\"og:description\" content=\"Eche un vistazo a los procedimientos operativos y la investigaci\u00f3n impactante llevada a cabo en el Centro de Estudios de Defectos Cong\u00e9nitos de Utah en l\u00ednea con la misi\u00f3n del NBDPS.\" \/>\n<meta property=\"og:url\" content=\"https:\/\/nbdps.org\/study-centers\/utah\/\" \/>\n<meta property=\"og:site_name\" content=\"NBDPS\" \/>\n<meta property=\"article:modified_time\" content=\"2024-06-24T19:40:28+00:00\" \/>\n<meta name=\"twitter:card\" content=\"summary_large_image\" \/>\n<script type=\"application\/ld+json\" class=\"yoast-schema-graph\">{\"@context\":\"https:\/\/schema.org\",\"@graph\":[{\"@type\":\"WebPage\",\"@id\":\"https:\/\/nbdps.org\/study-centers\/utah\/\",\"url\":\"https:\/\/nbdps.org\/study-centers\/utah\/\",\"name\":\"Operaciones del Centro de Estudio de Defectos Cong\u00e9nitos de Utah | NBDPS\",\"isPartOf\":{\"@id\":\"https:\/\/nbdps.org\/#website\"},\"datePublished\":\"2024-05-27T14:49:14+00:00\",\"dateModified\":\"2024-06-24T19:40:28+00:00\",\"description\":\"Eche un vistazo a los procedimientos operativos y la investigaci\u00f3n impactante llevada a cabo en el Centro de Estudios de Defectos Cong\u00e9nitos de Utah en l\u00ednea con la misi\u00f3n del NBDPS.\",\"breadcrumb\":{\"@id\":\"https:\/\/nbdps.org\/study-centers\/utah\/#breadcrumb\"},\"inLanguage\":\"es-ES\",\"potentialAction\":[{\"@type\":\"ReadAction\",\"target\":[\"https:\/\/nbdps.org\/study-centers\/utah\/\"]}]},{\"@type\":\"BreadcrumbList\",\"@id\":\"https:\/\/nbdps.org\/study-centers\/utah\/#breadcrumb\",\"itemListElement\":[{\"@type\":\"ListItem\",\"position\":1,\"name\":\"Home\",\"item\":\"https:\/\/nbdps.org\/es\/\"},{\"@type\":\"ListItem\",\"position\":2,\"name\":\"Centros de estudio\",\"item\":\"https:\/\/nbdps.org\/es\/centros-de-estudio\/\"},{\"@type\":\"ListItem\",\"position\":3,\"name\":\"Utah\"}]},{\"@type\":\"WebSite\",\"@id\":\"https:\/\/nbdps.org\/#website\",\"url\":\"https:\/\/nbdps.org\/\",\"name\":\"NBDPS\",\"description\":\"\",\"potentialAction\":[{\"@type\":\"SearchAction\",\"target\":{\"@type\":\"EntryPoint\",\"urlTemplate\":\"https:\/\/nbdps.org\/?s={search_term_string}\"},\"query-input\":{\"@type\":\"PropertyValueSpecification\",\"valueRequired\":true,\"valueName\":\"search_term_string\"}}],\"inLanguage\":\"es-ES\"}]}<\/script>\n<!-- \/ Yoast SEO plugin. -->","yoast_head_json":{"title":"Operaciones del Centro de Estudio de Defectos Cong\u00e9nitos de Utah | NBDPS","description":"Eche un vistazo a los procedimientos operativos y la investigaci\u00f3n impactante llevada a cabo en el Centro de Estudios de Defectos Cong\u00e9nitos de Utah en l\u00ednea con la misi\u00f3n del NBDPS.","robots":{"index":"index","follow":"follow","max-snippet":"max-snippet:-1","max-image-preview":"max-image-preview:large","max-video-preview":"max-video-preview:-1"},"canonical":"https:\/\/nbdps.org\/study-centers\/utah\/","og_locale":"es_ES","og_type":"article","og_title":"Operaciones del Centro de Estudio de Defectos Cong\u00e9nitos de Utah | NBDPS","og_description":"Eche un vistazo a los procedimientos operativos y la investigaci\u00f3n impactante llevada a cabo en el Centro de Estudios de Defectos Cong\u00e9nitos de Utah en l\u00ednea con la misi\u00f3n del NBDPS.","og_url":"https:\/\/nbdps.org\/study-centers\/utah\/","og_site_name":"NBDPS","article_modified_time":"2024-06-24T19:40:28+00:00","twitter_card":"summary_large_image","schema":{"@context":"https:\/\/schema.org","@graph":[{"@type":"WebPage","@id":"https:\/\/nbdps.org\/study-centers\/utah\/","url":"https:\/\/nbdps.org\/study-centers\/utah\/","name":"Operaciones del Centro de Estudio de Defectos Cong\u00e9nitos de Utah | NBDPS","isPartOf":{"@id":"https:\/\/nbdps.org\/#website"},"datePublished":"2024-05-27T14:49:14+00:00","dateModified":"2024-06-24T19:40:28+00:00","description":"Eche un vistazo a los procedimientos operativos y la investigaci\u00f3n impactante llevada a cabo en el Centro de Estudios de Defectos Cong\u00e9nitos de Utah en l\u00ednea con la misi\u00f3n del NBDPS.","breadcrumb":{"@id":"https:\/\/nbdps.org\/study-centers\/utah\/#breadcrumb"},"inLanguage":"es-ES","potentialAction":[{"@type":"ReadAction","target":["https:\/\/nbdps.org\/study-centers\/utah\/"]}]},{"@type":"BreadcrumbList","@id":"https:\/\/nbdps.org\/study-centers\/utah\/#breadcrumb","itemListElement":[{"@type":"ListItem","position":1,"name":"Home","item":"https:\/\/nbdps.org\/es\/"},{"@type":"ListItem","position":2,"name":"Centros de estudio","item":"https:\/\/nbdps.org\/es\/centros-de-estudio\/"},{"@type":"ListItem","position":3,"name":"Utah"}]},{"@type":"WebSite","@id":"https:\/\/nbdps.org\/#website","url":"https:\/\/nbdps.org\/","name":"NBDPS","description":"","potentialAction":[{"@type":"SearchAction","target":{"@type":"EntryPoint","urlTemplate":"https:\/\/nbdps.org\/?s={search_term_string}"},"query-input":{"@type":"PropertyValueSpecification","valueRequired":true,"valueName":"search_term_string"}}],"inLanguage":"es-ES"}]}},"_links":{"self":[{"href":"https:\/\/nbdps.org\/es\/wp-json\/wp\/v2\/pages\/901","targetHints":{"allow":["GET"]}}],"collection":[{"href":"https:\/\/nbdps.org\/es\/wp-json\/wp\/v2\/pages"}],"about":[{"href":"https:\/\/nbdps.org\/es\/wp-json\/wp\/v2\/types\/page"}],"author":[{"embeddable":true,"href":"https:\/\/nbdps.org\/es\/wp-json\/wp\/v2\/users\/1"}],"replies":[{"embeddable":true,"href":"https:\/\/nbdps.org\/es\/wp-json\/wp\/v2\/comments?post=901"}],"version-history":[{"count":0,"href":"https:\/\/nbdps.org\/es\/wp-json\/wp\/v2\/pages\/901\/revisions"}],"up":[{"embeddable":true,"href":"https:\/\/nbdps.org\/es\/wp-json\/wp\/v2\/pages\/903"}],"wp:attachment":[{"href":"https:\/\/nbdps.org\/es\/wp-json\/wp\/v2\/media?parent=901"}],"curies":[{"name":"wp","href":"https:\/\/api.w.org\/{rel}","templated":true}]}}